{"id":42,"date":"2016-06-20T09:58:16","date_gmt":"2016-06-20T09:58:16","guid":{"rendered":"http:\/\/associacaomaceira.pt\/?page_id=42"},"modified":"2024-11-20T13:23:31","modified_gmt":"2024-11-20T13:23:31","slug":"corpos-sociais","status":"publish","type":"page","link":"https:\/\/associacaomaceira.pt\/index.php\/sobre-nos\/corpos-sociais\/","title":{"rendered":"Corpos sociais"},"content":{"rendered":"<p><strong>ASSEMBLEIA GERAL<\/strong><\/p>\n<p>PRESIDENTE: Ana Maria Inv\u00eancio Gomes<\/p>\n<p>1\u00ba SECRET\u00c1RIO: Maria Adelaide Marques Reis<\/p>\n<p>2\u00ba SECRET\u00c1RIO: Maria Rosa Santos Rodrigues Silva<\/p>\n<p><strong>DIRE\u00c7\u00c3O<\/strong><\/p>\n<p>PRESIDENTE: Rosa Maria Gomes da Costa<\/p>\n<p>VICE-PRESIDENTE: Jos\u00e9 Carlos Fonseca Reis<\/p>\n<p>TESOUREIRO: Hugo Miguel Figueiredo Mac\u00e1rio<\/p>\n<p>SECRET\u00c1RIO: Ant\u00f3nio Jo\u00e3o Rodrigues Ferreira<\/p>\n<p>VOGAL: Maria Goreti Martins de Andrade Chaves<\/p>\n<p><strong>CONSELHO FISCAL<\/strong><\/p>\n<p>PRESIDENTE: Miguel Augusto Gomes Costa<\/p>\n<p>1\u00ba VOGAL: Celsa Fernanda Nunes Ferreira<\/p>\n<p>2\u00ba VOGAL: Maria Isabel Inv\u00eancio da Fonseca Cardoso<\/p>\n","protected":false},"excerpt":{"rendered":"<p>ASSEMBLEIA GERAL PRESIDENTE: Ana Maria Inv\u00eancio Gomes 1\u00ba SECRET\u00c1RIO: Maria Adelaide Marques Reis 2\u00ba SECRET\u00c1RIO: Maria Rosa Santos Rodrigues Silva DIRE\u00c7\u00c3O PRESIDENTE: Rosa Maria Gomes da Costa VICE-PRESIDENTE: Jos\u00e9 Carlos Fonseca Reis<a class=\"moretag\" href=\"https:\/\/associacaomaceira.pt\/index.php\/sobre-nos\/corpos-sociais\/\">Read More&#8230;<\/a><\/p>\n","protected":false},"author":1,"featured_media":0,"parent":17,"menu_order":2,"comment_status":"closed","ping_status":"closed","template":"page-sidebar.php","meta":[],"_links":{"self":[{"href":"https:\/\/associacaomaceira.pt\/index.php\/wp-json\/wp\/v2\/pages\/42"}],"collection":[{"href":"https:\/\/associacaomaceira.pt\/index.php\/wp-json\/wp\/v2\/pages"}],"about":[{"href":"https:\/\/associacaomaceira.pt\/index.php\/wp-json\/wp\/v2\/types\/page"}],"author":[{"embeddable":true,"href":"https:\/\/associacaomaceira.pt\/index.php\/wp-json\/wp\/v2\/users\/1"}],"replies":[{"embeddable":true,"href":"https:\/\/associacaomaceira.pt\/index.php\/wp-json\/wp\/v2\/comments?post=42"}],"version-history":[{"count":4,"href":"https:\/\/associacaomaceira.pt\/index.php\/wp-json\/wp\/v2\/pages\/42\/revisions"}],"predecessor-version":[{"id":584,"href":"https:\/\/associacaomaceira.pt\/index.php\/wp-json\/wp\/v2\/pages\/42\/revisions\/584"}],"up":[{"embeddable":true,"href":"https:\/\/associacaomaceira.pt\/index.php\/wp-json\/wp\/v2\/pages\/17"}],"wp:attachment":[{"href":"https:\/\/associacaomaceira.pt\/index.php\/wp-json\/wp\/v2\/media?parent=42"}],"curies":[{"name":"wp","href":"https:\/\/api.w.org\/{rel}","templated":true}]}}