{"id":547,"date":"2023-04-18T10:59:04","date_gmt":"2023-04-18T10:59:04","guid":{"rendered":"https:\/\/associacaomaceira.pt\/?page_id=547"},"modified":"2023-04-18T13:36:14","modified_gmt":"2023-04-18T13:36:14","slug":"embaixadores-daldeia","status":"publish","type":"page","link":"https:\/\/associacaomaceira.pt\/index.php\/embaixadores-daldeia\/","title":{"rendered":"Maceira Embaixadores d&#8217;Aldeia"},"content":{"rendered":"\n<div class=\"wp-block-image\"><figure class=\"alignright size-large is-resized\"><img loading=\"lazy\" src=\"https:\/\/associacaomaceira.pt\/wp-content\/uploads\/2023\/04\/embai-1024x1024.jpg\" alt=\"\" class=\"wp-image-548\" width=\"354\" height=\"354\" srcset=\"https:\/\/associacaomaceira.pt\/wp-content\/uploads\/2023\/04\/embai-1024x1024.jpg 1024w, https:\/\/associacaomaceira.pt\/wp-content\/uploads\/2023\/04\/embai-300x300.jpg 300w, https:\/\/associacaomaceira.pt\/wp-content\/uploads\/2023\/04\/embai-150x150.jpg 150w, https:\/\/associacaomaceira.pt\/wp-content\/uploads\/2023\/04\/embai-768x768.jpg 768w, https:\/\/associacaomaceira.pt\/wp-content\/uploads\/2023\/04\/embai-1536x1536.jpg 1536w, https:\/\/associacaomaceira.pt\/wp-content\/uploads\/2023\/04\/embai.jpg 1845w\" sizes=\"(max-width: 354px) 100vw, 354px\" \/><\/figure><\/div>\n\n\n\n<p>A Associa\u00e7\u00e3o de Promo\u00e7\u00e3o Social, Recreativa, Desportiva e Humanit\u00e1ria de Maceira deu in\u00edcio, a 10 de Setembro de 2020, ao projeto \u201cMaceira \u2013 Embaixadores D\u2019Aldeia\u201d.<\/p>\n\n\n\n<p>\u201cMaceira \u2013 Embaixadores D\u2019Aldeia\u201d \u00e9 uma iniciativa de empreendedorismo social, a tr\u00eas anos, que pretende envolver toda a comunidade da aldeia de Maceira, combater o despovoamento que se faz sentir nestes territ\u00f3rios, atrav\u00e9s de atividades colaborativas de promo\u00e7\u00e3o do patrim\u00f3nio, da cultura e da natureza, orientadas para o desenvolvimento tur\u00edstico da aldeia. Trata-se de integrar a oferta tur\u00edstica com a realidade patrimonial da aldeia em particular e da regi\u00e3o no geral, atrav\u00e9s da oferta de experi\u00eancias baseadas na observa\u00e7\u00e3o do patrim\u00f3nio hist\u00f3rico constru\u00eddo, na intera\u00e7\u00e3o com o patrim\u00f3nio natural e cultural e com a produ\u00e7\u00e3o end\u00f3gena, tendo como principais atores as pessoas da aldeia \u2013 os \u201cEmbaixadores da Aldeia\u201d.<\/p>\n\n\n\n<p>O projeto n\u00e3o s\u00f3 permitir\u00e1 a cria\u00e7\u00e3o de ferramentas coletivas de promo\u00e7\u00e3o tur\u00edstica como ajudar\u00e1 a promover o envelhecimento ativo, a participa\u00e7\u00e3o coletiva e c\u00edvica, e a valoriza\u00e7\u00e3o dos recursos end\u00f3genos, assentando em 3 pilares fundamentais:<\/p>\n\n\n\n<ul><li>o desenvolvimento de um programa de capacita\u00e7\u00e3o de guias comunit\u00e1rios (atividade 1 \u2013 embaixadores d\u2019aldeia);<\/li><li>a defini\u00e7\u00e3o e gest\u00e3o dos percursos de promo\u00e7\u00e3o tur\u00edstica atrav\u00e9s de din\u00e2micas de participa\u00e7\u00e3o ativa da comunidade (atividade 2 &#8211; trilhos inclusivos);<\/li><li>a inclus\u00e3o digital como forma de comunica\u00e7\u00e3o e marketing tur\u00edstico inclusivo (atividades 3 &#8211; maceira digital).<\/li><\/ul>\n\n\n\n<p>Este projeto conta com 2 t\u00e9cnicos que t\u00eam como miss\u00e3o desenvolver\/implementar as 3 atividades que constituem o Maceira \u2013 Embaixadores d\u2019Aldeia, as quais passamos a apresentar mais detalhadamente.<\/p>\n\n\n\n<p><strong>ATIVIDADE 1 &#8211; EMBAIXADORES D\u2019ALDEIA<\/strong><\/p>\n\n\n\n<p>1. Programa de capacita\u00e7\u00e3o Guias Comunit\u00e1rios. Desenvolvimento de a\u00e7\u00f5es de capacita\u00e7\u00e3o Intergeracional para a promo\u00e7\u00e3o da aldeia. Jovens ensinam seniores, seniores ensinam jovens.<\/p>\n\n\n\n<p>2. Roteiro das Fam\u00edlias \u2013 Casas partilhadas. Cria\u00e7\u00e3o de uma oferta tur\u00edstica informal, atrav\u00e9s do conceito de partilha de casa com os turistas.<\/p>\n\n\n\n<p>3. Contadores de hist\u00f3rias \u2013 viv\u00eancias d\u2019aldeia. Recolha de hist\u00f3rias de vida, contos e lendas associadas aos pontos de interesse comunit\u00e1rio e tur\u00edstico.<\/p>\n\n\n\n<p><strong>ATIVIDADE 2 &#8211; TRILHOS INCLUSIVOS<\/strong><\/p>\n\n\n\n<p>1. Defini\u00e7\u00e3o dos percursos patrim\u00f3nio material e imaterial pela aldeia e lim\u00edtrofes&nbsp;&nbsp;&nbsp;<\/p>\n\n\n\n<p>2. Teatro Vivo \u2013 N\u00f3s somos a Aldeia. Cria\u00e7\u00e3o da pe\u00e7a de teatro \u201cN\u00f3s Somos a Aldeia\u201d. Conce\u00e7\u00e3o de argumento e ensaios. Esta pe\u00e7a ser\u00e1 apresentada uma vez por ano e servir\u00e1 de mote para a cria\u00e7\u00e3o do V\u00eddeo N\u00f3s somos a Aldeia<\/p>\n\n\n\n<p>3. Passeio das Hortas. As fam\u00edlias s\u00e3o convidadas a partilhar a experi\u00eancia da sua horta com os turistas, criando condi\u00e7\u00f5es para a mobilidade e a acessibilidade. Este trabalho incluir\u00e1 a cria\u00e7\u00e3o de um plano de mobilidade e acessibilidade na aldeia.<\/p>\n\n\n\n<p>4. A minha mesa \u00e9 a tua mesa. As fam\u00edlias ser\u00e3o convidadas a partilhar a sua mesa, a gastronomia e o conv\u00edvio com os turistas.<\/p>\n\n\n\n<p><strong>ATIVIDADES 3 &#8211; MACEIRA DIGITAL<\/strong><\/p>\n\n\n\n<p>1. Redes sociais \u2013 FACE E INSTA. Programa de Capacita\u00e7\u00e3o para uso das redes sociais e da App Embaixadores D\u2019Aldeia<\/p>\n\n\n\n<p>2. Youtube \u201cN\u00f3s somos a aldeia\u201d. Cria\u00e7\u00e3o e desenvolvimento do canal de Youtube da aldeia de Maceira, com a participa\u00e7\u00e3o da comunidade.<\/p>\n\n\n\n<p>3. V\u00eddeo N\u00f3s Somos a Aldeia. Cria\u00e7\u00e3o e produ\u00e7\u00e3o do V\u00eddeo Comunit\u00e1rio \u201cN\u00f3s somos a Aldeia\u201d.<\/p>\n\n\n\n<p>O que se oferece com o projeto Maceira \u2013 Embaixadores d\u2019Aldeia \u00e9 um conceito de turismo comunit\u00e1rio de aldeia acess\u00edvel e inclusiva, que, articulado com as iniciativas e viv\u00eancias da comunidade residente, procurar\u00e1 criar condi\u00e7\u00f5es para um futuro sustent\u00e1vel do ponto de vista econ\u00f3mico, social, ambiental e patrimonial.<\/p>\n\n\n\n<p>\u201cMaceira \u2013 Embaixadores D\u2019Aldeia\u201d tem como entidade implementadora a Associa\u00e7\u00e3o de Maceira e \u00e9 desenvolvido com o apoio da iniciativa Portugal Inova\u00e7\u00e3o Social \u2013 Parcerias para o Impacto e conta com a participa\u00e7\u00e3o da C\u00e2mara Municipal de Fornos de Algodres, Junta de Freguesia de Maceira, GC &amp; Lopes \u2013 Materiais de Constru\u00e7\u00e3o Lda., Farm\u00e1cia Portugal e Restaurante Quinta do Cochel como seus principais investidores sociais.<\/p>\n\n\n\n<p>Mais informa\u00e7\u00f5es dispon\u00edveis em: <a href=\"https:\/\/embaixadoresmaceira.com\">https:\/\/embaixadoresmaceira.com<\/a><\/p>\n\n\n\n<div class=\"wp-block-file\"><object class=\"wp-block-file__embed\" data=\"https:\/\/associacaomaceira.pt\/wp-content\/uploads\/2023\/04\/Ficha-sintese-de-projeto-Embaixadores-daldeia-para-site.pdf\" type=\"application\/pdf\" style=\"width:100%;height:600px\" aria-label=\"Incorpora\u00e7\u00e3o de Ficha-sintese-de-projeto-Embaixadores-daldeia-para-site.\"><\/object><a href=\"https:\/\/associacaomaceira.pt\/wp-content\/uploads\/2023\/04\/Ficha-sintese-de-projeto-Embaixadores-daldeia-para-site.pdf\">Ficha-sintese-de-projeto-Embaixadores-daldeia-para-site<\/a><a href=\"https:\/\/associacaomaceira.pt\/wp-content\/uploads\/2023\/04\/Ficha-sintese-de-projeto-Embaixadores-daldeia-para-site.pdf\" class=\"wp-block-file__button\" download>Descarregar<\/a><\/div>\n\n\n\n<figure class=\"wp-block-image size-large\"><img loading=\"lazy\" width=\"1024\" height=\"58\" src=\"https:\/\/associacaomaceira.pt\/wp-content\/uploads\/2023\/04\/Rodape-site-1024x58.png\" alt=\"\" class=\"wp-image-553\" srcset=\"https:\/\/associacaomaceira.pt\/wp-content\/uploads\/2023\/04\/Rodape-site-1024x58.png 1024w, https:\/\/associacaomaceira.pt\/wp-content\/uploads\/2023\/04\/Rodape-site-300x17.png 300w, https:\/\/associacaomaceira.pt\/wp-content\/uploads\/2023\/04\/Rodape-site-768x44.png 768w, https:\/\/associacaomaceira.pt\/wp-content\/uploads\/2023\/04\/Rodape-site.png 1108w\" sizes=\"(max-width: 1024px) 100vw, 1024px\" \/><\/figure>\n","protected":false},"excerpt":{"rendered":"<p>A Associa\u00e7\u00e3o de Promo\u00e7\u00e3o Social, Recreativa, Desportiva e Humanit\u00e1ria de Maceira deu in\u00edcio, a 10 de Setembro de 2020, ao projeto \u201cMaceira \u2013 Embaixadores D\u2019Aldeia\u201d. \u201cMaceira \u2013 Embaixadores D\u2019Aldeia\u201d \u00e9 uma iniciativa<a class=\"moretag\" href=\"https:\/\/associacaomaceira.pt\/index.php\/embaixadores-daldeia\/\">Read More&#8230;<\/a><\/p>\n","protected":false},"author":1,"featured_media":0,"parent":0,"menu_order":0,"comment_status":"closed","ping_status":"closed","template":"","meta":[],"_links":{"self":[{"href":"https:\/\/associacaomaceira.pt\/index.php\/wp-json\/wp\/v2\/pages\/547"}],"collection":[{"href":"https:\/\/associacaomaceira.pt\/index.php\/wp-json\/wp\/v2\/pages"}],"about":[{"href":"https:\/\/associacaomaceira.pt\/index.php\/wp-json\/wp\/v2\/types\/page"}],"author":[{"embeddable":true,"href":"https:\/\/associacaomaceira.pt\/index.php\/wp-json\/wp\/v2\/users\/1"}],"replies":[{"embeddable":true,"href":"https:\/\/associacaomaceira.pt\/index.php\/wp-json\/wp\/v2\/comments?post=547"}],"version-history":[{"count":5,"href":"https:\/\/associacaomaceira.pt\/index.php\/wp-json\/wp\/v2\/pages\/547\/revisions"}],"predecessor-version":[{"id":561,"href":"https:\/\/associacaomaceira.pt\/index.php\/wp-json\/wp\/v2\/pages\/547\/revisions\/561"}],"wp:attachment":[{"href":"https:\/\/associacaomaceira.pt\/index.php\/wp-json\/wp\/v2\/media?parent=547"}],"curies":[{"name":"wp","href":"https:\/\/api.w.org\/{rel}","templated":true}]}}